{"id":2959,"date":"2022-10-22T17:29:42","date_gmt":"2022-10-22T17:29:42","guid":{"rendered":"https:\/\/urbio-romania.ro\/?page_id=2959"},"modified":"2022-11-15T12:35:30","modified_gmt":"2022-11-15T12:35:30","slug":"smart-city","status":"publish","type":"page","link":"https:\/\/urbio-romania.ro\/en\/smart-city\/","title":{"rendered":"Smart City"},"content":{"rendered":"<section class=\"wpb-content-wrapper\"><p>[vc_row css=&#8221;.vc_custom_1666459992277{margin-top: 50px !important;margin-bottom: 33px !important;}&#8221;][vc_column][vc_column_text]<\/p>\n<h1>NEOS Smart City<\/h1>\n<p>[\/vc_column_text][\/vc_column][\/vc_row][vc_row full_width=&#8221;stretch_row&#8221; equal_height=&#8221;yes&#8221; content_placement=&#8221;bottom&#8221; css=&#8221;.vc_custom_1666469470435{padding-top: 33px !important;padding-bottom: 0px !important;background-color: #0c215e !important;}&#8221; el_class=&#8221;overflow-visible&#8221;][vc_column width=&#8221;2\/3&#8243;][vc_column_text]<span style=\"color: #fe5000; font-size: 18pt;\"><strong>In the digital age, smart village and smart city are core concepts that increasingly define the communities we live in.<\/strong><\/span>[\/vc_column_text][\/vc_column][vc_column width=&#8221;1\/3&#8243;][\/vc_column][\/vc_row][vc_row full_width=&#8221;stretch_row&#8221; equal_height=&#8221;yes&#8221; content_placement=&#8221;bottom&#8221; css=&#8221;.vc_custom_1666469657788{padding-top: 0px !important;padding-bottom: 33px !important;background-color: #0c215e !important;}&#8221; el_class=&#8221;overflow-visible break-at-1200&#8243;][vc_column width=&#8221;5\/12&#8243; css=&#8221;.vc_custom_1666764119975{padding-top: 0px !important;}&#8221;][vc_column_text]<span style=\"color: #ffffff;\"><strong>The NEOS integrated ecosystem of smart products<\/strong> is aimed at beneficiaries who want to lower costs through intelligent control and monitoring of managed services. From lighting to video surveillance to parking management.<\/span><br \/>\n[\/vc_column_text][vc_row_inner][vc_column_inner css=&#8221;.vc_custom_1666420576064{margin-bottom: 0px !important;border-bottom-width: 0px !important;padding-bottom: 0px !important;}&#8221;][vc_column_text]<span style=\"font-size: 24pt; color: #fe5000;\">Find out more about NEOS on its website: <a style=\"color: #fe5000;\" href=\"https:\/\/neos.ro\"><strong>www.neos.ro<\/strong><\/a><\/span>[\/vc_column_text][\/vc_column_inner][\/vc_row_inner][\/vc_column][vc_column width=&#8221;7\/12&#8243;][vc_single_image image=&#8221;1545&#8243; img_size=&#8221;full&#8221; css=&#8221;.vc_custom_1666468949371{margin-bottom: -120px !important;}&#8221;][\/vc_column][\/vc_row][vc_row css=&#8221;.vc_custom_1666468988797{padding-top: 50px !important;}&#8221;][vc_column width=&#8221;2\/3&#8243;][vc_single_image image=&#8221;2915&#8243; img_size=&#8221;full&#8221; css=&#8221;.vc_custom_1668441012480{padding-top: 33px !important;padding-bottom: 33px !important;}&#8221;][\/vc_column][vc_column width=&#8221;1\/3&#8243;][\/vc_column][\/vc_row][vc_row css=&#8221;.vc_custom_1666467788749{margin-top: 33px !important;margin-bottom: 33px !important;}&#8221;][vc_column offset=&#8221;vc_col-md-6 vc_col-xs-12&#8243;][vc_row_inner][vc_column_inner width=&#8221;1\/3&#8243;][vc_single_image image=&#8221;2386&#8243; img_size=&#8221;full&#8221;][\/vc_column_inner][vc_column_inner width=&#8221;2\/3&#8243;][vc_column_text]<strong>NEOS Lighting<\/strong><\/p>\n<p>Remote management system for public lighting. Remotely monitors and controls the street lighting system, generates alerts and notifications, consumption and failure reports.[\/vc_column_text][\/vc_column_inner][\/vc_row_inner][\/vc_column][vc_column offset=&#8221;vc_col-md-6 vc_col-xs-12&#8243;][vc_row_inner][vc_column_inner width=&#8221;1\/3&#8243;][vc_single_image image=&#8221;2387&#8243; img_size=&#8221;full&#8221;][\/vc_column_inner][vc_column_inner width=&#8221;2\/3&#8243;][vc_column_text]<strong>NEOS Security<\/strong><\/p>\n<p>Audio\/video surveillance system that monitors car and pedestrian traffic, detects violent behaviour, reports road accidents, counts people and sends alerts according to required scenarios.[\/vc_column_text][\/vc_column_inner][\/vc_row_inner][\/vc_column][\/vc_row][vc_row][vc_column offset=&#8221;vc_col-md-6 vc_col-xs-12&#8243;][vc_row_inner][vc_column_inner width=&#8221;1\/3&#8243;][vc_single_image image=&#8221;2389&#8243; img_size=&#8221;full&#8221;][\/vc_column_inner][vc_column_inner width=&#8221;2\/3&#8243;][vc_column_text]<strong>NEOS Waste Management<\/strong><\/p>\n<p>Monitor smart bins, collection frequency and generate alerts. Video monitors the cleanliness of assigned areas and sends audio alerts in case of cleanliness violations.[\/vc_column_text][\/vc_column_inner][\/vc_row_inner][\/vc_column][vc_column offset=&#8221;vc_col-md-6 vc_col-xs-12&#8243;][vc_row_inner][vc_column_inner width=&#8221;1\/3&#8243;][vc_single_image image=&#8221;2390&#8243; img_size=&#8221;full&#8221;][\/vc_column_inner][vc_column_inner width=&#8221;2\/3&#8243;][vc_column_text]<strong>NEOS Irrigation<\/strong><\/p>\n<p>Monitors and controls the level of irrigation in a given area (parks, green spaces). It consists of sensors that monitor the humidity of the soil and activate water circuits according to the set schedule.[\/vc_column_text][\/vc_column_inner][\/vc_row_inner][\/vc_column][\/vc_row][vc_row][vc_column offset=&#8221;vc_col-md-6 vc_col-xs-12&#8243;][vc_row_inner][vc_column_inner width=&#8221;1\/3&#8243;][vc_single_image image=&#8221;2391&#8243; img_size=&#8221;full&#8221;][\/vc_column_inner][vc_column_inner width=&#8221;2\/3&#8243;][vc_column_text]<strong>NEOS Architectural Lighting<\/strong><\/p>\n<p>Controleaz\u0103 \u0219i monitorizeaz\u0103 de la distan\u021b\u0103 sistemul de iluminare arhitectural\u0103. Cartografiaz\u0103 consumul de energie electric\u0103 \u0219i poate configura programe de func\u021bionare personalizate.[\/vc_column_text][\/vc_column_inner][\/vc_row_inner][\/vc_column][vc_column offset=&#8221;vc_col-md-6 vc_col-xs-12&#8243;][vc_row_inner][vc_column_inner width=&#8221;1\/3&#8243;][vc_single_image image=&#8221;2392&#8243; img_size=&#8221;full&#8221;][\/vc_column_inner][vc_column_inner width=&#8221;2\/3&#8243;][vc_column_text]<strong>NEOS Festive Lighting<\/strong><\/p>\n<p>Remotely monitors and controls the festive lighting system, generates alerts and notifications, consumption and failure reports.[\/vc_column_text][\/vc_column_inner][\/vc_row_inner][\/vc_column][\/vc_row][vc_row][vc_column offset=&#8221;vc_col-md-6 vc_col-xs-12&#8243;][vc_row_inner][vc_column_inner width=&#8221;1\/3&#8243;][vc_single_image image=&#8221;2393&#8243; img_size=&#8221;full&#8221;][\/vc_column_inner][vc_column_inner width=&#8221;2\/3&#8243;][vc_column_text]<strong>NEOS Smart Pole<\/strong><\/p>\n<p>Smart lighting poles play an important role in the infrastructure of a smart city. The municipality can access data from the field and remotely manage a range of operations and interactions.[\/vc_column_text][\/vc_column_inner][\/vc_row_inner][\/vc_column][vc_column offset=&#8221;vc_col-md-6 vc_col-xs-12&#8243;][vc_row_inner][vc_column_inner width=&#8221;1\/3&#8243;][vc_single_image image=&#8221;2394&#8243; img_size=&#8221;full&#8221;][\/vc_column_inner][vc_column_inner width=&#8221;2\/3&#8243;][vc_column_text]<strong>NEOS Charging Station<\/strong><\/p>\n<p>Controls and monitors electric charging stations. Delivers details of each station&#8217;s location, status, faults or consumption for certain time periods or instantaneously.[\/vc_column_text][\/vc_column_inner][\/vc_row_inner][\/vc_column][\/vc_row][vc_row][vc_column offset=&#8221;vc_col-md-6 vc_col-xs-12&#8243;][vc_row_inner][vc_column_inner width=&#8221;1\/3&#8243;][vc_single_image image=&#8221;2395&#8243; img_size=&#8221;full&#8221;][\/vc_column_inner][vc_column_inner width=&#8221;2\/3&#8243;][vc_column_text]<strong>NEOS CityGuard<\/strong><\/p>\n<p>Dedicated to citizens. People will be able to report street lighting breakdowns, problems in the road space, accidents, vandalism or other events where authorities need to intervene.[\/vc_column_text][\/vc_column_inner][\/vc_row_inner][\/vc_column][vc_column offset=&#8221;vc_col-md-6 vc_col-xs-12&#8243;][vc_row_inner][vc_column_inner width=&#8221;1\/3&#8243;][vc_single_image image=&#8221;2396&#8243; img_size=&#8221;full&#8221;][\/vc_column_inner][vc_column_inner width=&#8221;2\/3&#8243;][vc_column_text]<strong>NEOS Heat Maps<\/strong><\/p>\n<p>Generates two-dimensional maps of values taken from smart sensors installed at the locality level. Generates alerts and reports for events exceeding normal limits.[\/vc_column_text][\/vc_column_inner][\/vc_row_inner][\/vc_column][\/vc_row][vc_row][vc_column offset=&#8221;vc_col-md-6 vc_col-xs-12&#8243;][vc_row_inner][vc_column_inner width=&#8221;1\/3&#8243;][vc_single_image image=&#8221;2397&#8243; img_size=&#8221;full&#8221;][\/vc_column_inner][vc_column_inner width=&#8221;2\/3&#8243;][vc_column_text]<strong>NEOS CityZen Alert<\/strong><\/p>\n<p><strong>Dedicated to citizens:<\/strong> The App notifies citizens of extreme events, public space sanitation program, available parking spaces, available locations of electric vehicle charging stations, etc.[\/vc_column_text][\/vc_column_inner][\/vc_row_inner][\/vc_column][vc_column offset=&#8221;vc_col-md-6 vc_col-xs-12&#8243;][vc_row_inner][vc_column_inner width=&#8221;1\/3&#8243;][vc_single_image image=&#8221;2398&#8243; img_size=&#8221;full&#8221;][\/vc_column_inner][vc_column_inner width=&#8221;2\/3&#8243;][vc_column_text]<strong>NEOS Major Alert<\/strong><\/p>\n<p>Dedicated to local authorities. Alerts and reports can be sent to the public on exceedances of legal limits for air quality, extreme weather conditions, accidents, fires, etc.[\/vc_column_text][\/vc_column_inner][\/vc_row_inner][\/vc_column][\/vc_row][vc_row][vc_column offset=&#8221;vc_col-md-6 vc_col-xs-12&#8243;][vc_row_inner][vc_column_inner width=&#8221;1\/3&#8243;][vc_single_image image=&#8221;2399&#8243; img_size=&#8221;full&#8221;][\/vc_column_inner][vc_column_inner width=&#8221;2\/3&#8243;][vc_column_text]<strong>NEOS Parking<\/strong><\/p>\n<p>Monitors parking spaces and provides details on the location of organised parking spaces, available spaces, payment methods, installed payment machines, opening hours, etc.[\/vc_column_text][\/vc_column_inner][\/vc_row_inner][\/vc_column][vc_column offset=&#8221;vc_col-md-6 vc_col-xs-12&#8243;][vc_row_inner][vc_column_inner width=&#8221;1\/3&#8243;][vc_single_image image=&#8221;2400&#8243; img_size=&#8221;full&#8221;][\/vc_column_inner][vc_column_inner width=&#8221;2\/3&#8243;][vc_column_text]<strong>NEOS Transporting<\/strong><\/p>\n<p>Citizens can track real-time public transport on routes, estimating the time for the arrival at the station. The municipality can collect statistics on the efficiency of public transport.[\/vc_column_text][\/vc_column_inner][\/vc_row_inner][\/vc_column][\/vc_row][vc_row][vc_column offset=&#8221;vc_col-md-6 vc_col-xs-12&#8243;][vc_row_inner][vc_column_inner width=&#8221;1\/3&#8243;][vc_single_image image=&#8221;2401&#8243; img_size=&#8221;full&#8221;][\/vc_column_inner][vc_column_inner width=&#8221;2\/3&#8243;][vc_column_text]<strong>NEOS Smart Station<\/strong><\/p>\n<p>Smart stations can be equipped with video surveillance systems or transport route maps. Purchase tickets and monthly subscription via an electronic kiosk, WiFi, etc.[\/vc_column_text][\/vc_column_inner][\/vc_row_inner][\/vc_column][vc_column offset=&#8221;vc_col-md-6 vc_col-xs-12&#8243;][vc_row_inner][vc_column_inner width=&#8221;1\/3&#8243;][vc_single_image image=&#8221;2402&#8243; img_size=&#8221;full&#8221;][\/vc_column_inner][vc_column_inner width=&#8221;2\/3&#8243;][vc_column_text]<strong>NEOS Quality of Life<\/strong><\/p>\n<p>Monitors the levels of CO2, O2, impurities in breathing air, local heavy traffic, noise levels and alerts when limits are exceeded.[\/vc_column_text][\/vc_column_inner][\/vc_row_inner][\/vc_column][\/vc_row][vc_row full_width=&#8221;stretch_row&#8221; equal_height=&#8221;yes&#8221; content_placement=&#8221;middle&#8221; css=&#8221;.vc_custom_1666606496115{margin-top: 33px !important;padding-top: 99px !important;padding-bottom: 99px !important;background: #0c215e url(https:\/\/urbio-romania.ro\/wp-content\/uploads\/2022\/10\/proiect-harta-3.jpg?id=1109) !important;background-position: center !important;background-repeat: no-repeat !important;background-size: cover !important;}&#8221;][vc_column][vc_column_text]<span style=\"font-size: 36pt;\"><strong><span style=\"color: #fe5000;\">Want to find out more about the NEOS smart solutions?<\/span><\/strong><\/span><\/p>\n<p><span style=\"font-size: 36pt;\"><strong><span style=\"color: #fe5000;\"><span style=\"color: #ffffff;\">We are happy to talk.<\/span><\/span><\/strong><\/span>[\/vc_column_text][vc_btn title=&#8221;Contact us&#8221; style=&#8221;custom&#8221; custom_background=&#8221;#fe5000&#8243; custom_text=&#8221;#ffffff&#8221; shape=&#8221;round&#8221; size=&#8221;lg&#8221; align=&#8221;left&#8221; link=&#8221;url:https%3A%2F%2Furbio-romania.ro%2Fen%2Fcontact%2F|title:Contact&#8221; el_class=&#8221;btn-secondary&#8221;][\/vc_column][\/vc_row]<\/p>\n<\/section>","protected":false},"excerpt":{"rendered":"<p>[vc_row css=&#8221;.vc_custom_1666459992277{margin-top: 50px !important;margin-bottom: 33px !important;}&#8221;][vc_column][vc_column_text] NEOS Smart City [\/vc_column_text][\/vc_column][\/vc_row][vc_row full_width=&#8221;stretch_row&#8221; equal_height=&#8221;yes&#8221; content_placement=&#8221;bottom&#8221; css=&#8221;.vc_custom_1666469470435{padding-top: 33px !important;padding-bottom: [&hellip;]<\/p>\n","protected":false},"author":1,"featured_media":0,"parent":0,"menu_order":0,"comment_status":"closed","ping_status":"closed","template":"","meta":{"_seopress_robots_primary_cat":"","om_disable_all_campaigns":false,"_monsterinsights_skip_tracking":false,"_monsterinsights_sitenote_active":false,"_monsterinsights_sitenote_note":"","_monsterinsights_sitenote_category":0,"_uf_show_specific_survey":0,"_uf_disable_surveys":false,"footnotes":""},"class_list":["post-2959","page","type-page","status-publish","hentry"],"acf":[],"aioseo_notices":[],"_links":{"self":[{"href":"https:\/\/urbio-romania.ro\/en\/wp-json\/wp\/v2\/pages\/2959","targetHints":{"allow":["GET"]}}],"collection":[{"href":"https:\/\/urbio-romania.ro\/en\/wp-json\/wp\/v2\/pages"}],"about":[{"href":"https:\/\/urbio-romania.ro\/en\/wp-json\/wp\/v2\/types\/page"}],"author":[{"embeddable":true,"href":"https:\/\/urbio-romania.ro\/en\/wp-json\/wp\/v2\/users\/1"}],"replies":[{"embeddable":true,"href":"https:\/\/urbio-romania.ro\/en\/wp-json\/wp\/v2\/comments?post=2959"}],"version-history":[{"count":2,"href":"https:\/\/urbio-romania.ro\/en\/wp-json\/wp\/v2\/pages\/2959\/revisions"}],"predecessor-version":[{"id":3064,"href":"https:\/\/urbio-romania.ro\/en\/wp-json\/wp\/v2\/pages\/2959\/revisions\/3064"}],"wp:attachment":[{"href":"https:\/\/urbio-romania.ro\/en\/wp-json\/wp\/v2\/media?parent=2959"}],"curies":[{"name":"wp","href":"https:\/\/api.w.org\/{rel}","templated":true}]}}